{"id":6811,"date":"2023-08-27T00:09:33","date_gmt":"2023-08-27T00:09:33","guid":{"rendered":"https:\/\/vaincatx.com\/?post_type=product&#038;p=6811"},"modified":"2025-08-24T18:12:53","modified_gmt":"2025-08-25T00:12:53","slug":"revolver-crosman-vigilante-bbs-pellets-177-4-5mm-2","status":"publish","type":"product","link":"https:\/\/vaincatx.com\/en\/product\/revolver-crosman-vigilante-bbs-pellets-177-4-5mm-2\/","title":{"rendered":"Revolver Crosman Vigilante Bbs Pellets .177 (4.5mm)"},"content":{"rendered":"<p>Para cargar la pistola, \u00e1brala entre la parte posterior del ca\u00f1\u00f3n y la parte delantera del cilindro. En lugar de cargar pellets directamente en la rueda, colocas un clip circular precargado. \u00a1Ci\u00e9rralo y empieza a disparar!<\/p>\n<p>Las bolas de acero pueden rebotar. Todos en el \u00e1rea deben usar anteojos de seguridad. Recuerde sacar todas las mascotas del campo de tiro. Para minimizar el rebote, no dispare bolas de acero contra objetos duros o agua.<\/p>\n<p>Repetidor de perdigones de diez disparos, repetidor de bolas de 6 vueltas, mecanismo de rev\u00f3lver real, acci\u00f3n simple o doble: esta pistola se parece a la Colt Python y dispara tan r\u00e1pido como puede apretar el gatillo. Impulsado por un cartucho de CO2, el Crosman Vigilante tiene un ca\u00f1\u00f3n de acero estriado de 6 &#8220;. Las empu\u00f1aduras de combate moldeadas tienen ranuras para los dedos para mayor control. Es tan realista que tus amigos tendr\u00e1n dificultades para distinguir la diferencia entre esto y un arma de fuego.<\/p>","protected":false},"excerpt":{"rendered":"<p>Calibre .177 &#8220;(4,5 mm)<br \/>\nVelocidad 465 fps<br \/>\nVolumen 4-Medio-Alto<br \/>\nLongitud del ca\u00f1\u00f3n 6.0 &#8221;<br \/>\nLongitud 11,38 &#8221;<br \/>\nCapacidad 10<br \/>\nBarril estriado<br \/>\nHoja de miras delanteras<br \/>\nVistas traseras ajustables para el viento y la elevaci\u00f3n<br \/>\nTejedor alcance \/ Picatinny<br \/>\nButtplate Ninguno<br \/>\nUso recomendado Plinking \/ Fun<br \/>\nRev\u00f3lver de acci\u00f3n<br \/>\nManual de Seguridad<br \/>\nPlanta de energ\u00eda CO2<br \/>\nRepetidor de disparo \u00fanico o repetidor<br \/>\nAcci\u00f3n del gatillo Acci\u00f3n doble y acci\u00f3n \u00fanica<br \/>\nN\u00famero m\u00e1ximo de disparos por relleno 70<br \/>\nMuniciones 0.12g<br \/>\nTipo de cuerpo Pistola<br \/>\nPeso 2.0 lbs<\/p>","protected":false},"featured_media":6831,"comment_status":"open","ping_status":"closed","template":"","meta":{"site-sidebar-layout":"","site-content-layout":"","ast-site-content-layout":"","site-content-style":"","site-sidebar-style":"","ast-global-header-display":"","ast-banner-title-visibility":"","ast-main-header-display":"","ast-hfb-above-header-display":"","ast-hfb-below-header-display":"","ast-hfb-mobile-header-display":"","site-post-title":"","ast-breadcrumbs-content":"","ast-featured-img":"","footer-sml-layout":"","theme-transparent-header-meta":"","adv-header-id-meta":"","stick-header-meta":"","header-above-stick-meta":"","header-main-stick-meta":"","header-below-stick-meta":"","astra-migrate-meta-layouts":"","ast-page-background-enabled":"default","ast-page-background-meta":{"desktop":{"background-color":"","background-image":"","background-repeat":"repeat","background-position":"center center","background-size":"auto","background-attachment":"scroll","background-type":"","background-media":"","overlay-type":"","overlay-color":"","overlay-opacity":"","overlay-gradient":""},"tablet":{"background-color":"","background-image":"","background-repeat":"repeat","background-position":"center center","background-size":"auto","background-attachment":"scroll","background-type":"","background-media":"","overlay-type":"","overlay-color":"","overlay-opacity":"","overlay-gradient":""},"mobile":{"background-color":"","background-image":"","background-repeat":"repeat","background-position":"center center","background-size":"auto","background-attachment":"scroll","background-type":"","background-media":"","overlay-type":"","overlay-color":"","overlay-opacity":"","overlay-gradient":""}},"ast-content-background-meta":{"desktop":{"background-color":"var(--ast-global-color-5)","background-image":"","background-repeat":"repeat","background-position":"center center","background-size":"auto","background-attachment":"scroll","background-type":"","background-media":"","overlay-type":"","overlay-color":"","overlay-opacity":"","overlay-gradient":""},"tablet":{"background-color":"var(--ast-global-color-5)","background-image":"","background-repeat":"repeat","background-position":"center center","background-size":"auto","background-attachment":"scroll","background-type":"","background-media":"","overlay-type":"","overlay-color":"","overlay-opacity":"","overlay-gradient":""},"mobile":{"background-color":"var(--ast-global-color-5)","background-image":"","background-repeat":"repeat","background-position":"center center","background-size":"auto","background-attachment":"scroll","background-type":"","background-media":"","overlay-type":"","overlay-color":"","overlay-opacity":"","overlay-gradient":""}}},"product_brand":[],"product_cat":[544,325,210],"product_tag":[285,329,353,80,290,333,705],"class_list":{"0":"post-6811","1":"product","2":"type-product","3":"status-publish","4":"has-post-thumbnail","6":"product_cat-pistolas-crosman","7":"product_cat-pistolas-deportivas","8":"product_cat-tiro-deportivo","9":"product_tag-285","10":"product_tag-4-5mm","11":"product_tag-crosman","12":"product_tag-pistola","13":"product_tag-revolver","14":"product_tag-tiro-deportivo","15":"product_tag-vigilante","16":"product_shipping_class-productos-6-8kg-379","17":"desktop-align-left","18":"tablet-align-left","19":"mobile-align-center","21":"first","22":"instock","23":"taxable","24":"shipping-taxable","25":"purchasable","26":"product-type-simple"},"_links":{"self":[{"href":"https:\/\/vaincatx.com\/en\/wp-json\/wp\/v2\/product\/6811","targetHints":{"allow":["GET"]}}],"collection":[{"href":"https:\/\/vaincatx.com\/en\/wp-json\/wp\/v2\/product"}],"about":[{"href":"https:\/\/vaincatx.com\/en\/wp-json\/wp\/v2\/types\/product"}],"replies":[{"embeddable":true,"href":"https:\/\/vaincatx.com\/en\/wp-json\/wp\/v2\/comments?post=6811"}],"version-history":[{"count":1,"href":"https:\/\/vaincatx.com\/en\/wp-json\/wp\/v2\/product\/6811\/revisions"}],"predecessor-version":[{"id":6837,"href":"https:\/\/vaincatx.com\/en\/wp-json\/wp\/v2\/product\/6811\/revisions\/6837"}],"wp:featuredmedia":[{"embeddable":true,"href":"https:\/\/vaincatx.com\/en\/wp-json\/wp\/v2\/media\/6831"}],"wp:attachment":[{"href":"https:\/\/vaincatx.com\/en\/wp-json\/wp\/v2\/media?parent=6811"}],"wp:term":[{"taxonomy":"product_brand","embeddable":true,"href":"https:\/\/vaincatx.com\/en\/wp-json\/wp\/v2\/product_brand?post=6811"},{"taxonomy":"product_cat","embeddable":true,"href":"https:\/\/vaincatx.com\/en\/wp-json\/wp\/v2\/product_cat?post=6811"},{"taxonomy":"product_tag","embeddable":true,"href":"https:\/\/vaincatx.com\/en\/wp-json\/wp\/v2\/product_tag?post=6811"}],"curies":[{"name":"wp","href":"https:\/\/api.w.org\/{rel}","templated":true}]}}