{"id":6816,"date":"2023-08-27T00:09:33","date_gmt":"2023-08-27T00:09:33","guid":{"rendered":"https:\/\/vaincatx.com\/?post_type=product&#038;p=6816"},"modified":"2025-08-24T18:12:53","modified_gmt":"2025-08-25T00:12:53","slug":"revolver-crosman-cr357-negra-co2-177-4-5mm-2","status":"publish","type":"product","link":"https:\/\/vaincatx.com\/en\/product\/revolver-crosman-cr357-negra-co2-177-4-5mm-2\/","title":{"rendered":"Revolver Crosman CR357 Negra CO2 .177 (4.5mm)"},"content":{"rendered":"<p>Experimente la acci\u00f3n r\u00e1pida en el campo o en el patio trasero con esta pistola de aire Crosman Co2. Con capacidades de munici\u00f3n dual, dispara balines o balines de acero .177 y viene con un clip para cada uno. Un estilo de rev\u00f3lver \u00fanico y un dise\u00f1o de agarre moldeado con los dedos hacen que el Crosman CR357 sea c\u00f3modo de manejar. Tiene un ca\u00f1\u00f3n de acero estriado de 6 &#8220;para una precisi\u00f3n superior y velocidades r\u00e1pidas. Esta pistola de aire calibre .177 est\u00e1 construida para durar con su culata sint\u00e9tica para todo clima. Dispara hasta 465 &#8216;por segundo y funciona con Co2. Esta pistola de aire comprimido Tiene un BB de 10 tiros y una capacidad de seis tiros de balines. Tambi\u00e9n tiene una palanca de seguridad.<\/p>","protected":false},"excerpt":{"rendered":"<p>Clip de rev\u00f3lver giratorio<br \/>\nCulata sint\u00e9tica para todo clima<br \/>\nFuente de alimentaci\u00f3n de pistola de aire comprimido calibre .177: CO2<br \/>\nMecanismo: acci\u00f3n simple \/ doble<br \/>\nCalibre: calibre .177<br \/>\nTipo de munici\u00f3n: dispara balines y balines de acero cal .177 solamente<br \/>\nCapacidad del rev\u00f3lver: BB de 10 disparos y perdig\u00f3n de 6 disparos<br \/>\nVelocidad: 465 fps<br \/>\nBarril: estriado<br \/>\nCa\u00f1\u00f3n de acero estriado de 6 &#8220;para mayor precisi\u00f3n<br \/>\nIncluye 2 clips<br \/>\nLa munici\u00f3n Crosman y el CO2 se venden por separado<br \/>\nSeguridad: palanca<\/p>","protected":false},"featured_media":6853,"comment_status":"open","ping_status":"closed","template":"","meta":{"site-sidebar-layout":"","site-content-layout":"","ast-site-content-layout":"","site-content-style":"","site-sidebar-style":"","ast-global-header-display":"","ast-banner-title-visibility":"","ast-main-header-display":"","ast-hfb-above-header-display":"","ast-hfb-below-header-display":"","ast-hfb-mobile-header-display":"","site-post-title":"","ast-breadcrumbs-content":"","ast-featured-img":"","footer-sml-layout":"","theme-transparent-header-meta":"","adv-header-id-meta":"","stick-header-meta":"","header-above-stick-meta":"","header-main-stick-meta":"","header-below-stick-meta":"","astra-migrate-meta-layouts":"","ast-page-background-enabled":"default","ast-page-background-meta":{"desktop":{"background-color":"","background-image":"","background-repeat":"repeat","background-position":"center center","background-size":"auto","background-attachment":"scroll","background-type":"","background-media":"","overlay-type":"","overlay-color":"","overlay-opacity":"","overlay-gradient":""},"tablet":{"background-color":"","background-image":"","background-repeat":"repeat","background-position":"center center","background-size":"auto","background-attachment":"scroll","background-type":"","background-media":"","overlay-type":"","overlay-color":"","overlay-opacity":"","overlay-gradient":""},"mobile":{"background-color":"","background-image":"","background-repeat":"repeat","background-position":"center center","background-size":"auto","background-attachment":"scroll","background-type":"","background-media":"","overlay-type":"","overlay-color":"","overlay-opacity":"","overlay-gradient":""}},"ast-content-background-meta":{"desktop":{"background-color":"var(--ast-global-color-5)","background-image":"","background-repeat":"repeat","background-position":"center center","background-size":"auto","background-attachment":"scroll","background-type":"","background-media":"","overlay-type":"","overlay-color":"","overlay-opacity":"","overlay-gradient":""},"tablet":{"background-color":"var(--ast-global-color-5)","background-image":"","background-repeat":"repeat","background-position":"center center","background-size":"auto","background-attachment":"scroll","background-type":"","background-media":"","overlay-type":"","overlay-color":"","overlay-opacity":"","overlay-gradient":""},"mobile":{"background-color":"var(--ast-global-color-5)","background-image":"","background-repeat":"repeat","background-position":"center center","background-size":"auto","background-attachment":"scroll","background-type":"","background-media":"","overlay-type":"","overlay-color":"","overlay-opacity":"","overlay-gradient":""}}},"product_brand":[],"product_cat":[544,325,210],"product_tag":[285,727,329,728,353,80,290,729,333],"class_list":{"0":"post-6816","1":"product","2":"type-product","3":"status-publish","4":"has-post-thumbnail","6":"product_cat-pistolas-crosman","7":"product_cat-pistolas-deportivas","8":"product_cat-tiro-deportivo","9":"product_tag-285","10":"product_tag-727","11":"product_tag-4-5mm","12":"product_tag-cr357","13":"product_tag-crosman","14":"product_tag-pistola","15":"product_tag-revolver","16":"product_tag-sr-357","17":"product_tag-tiro-deportivo","18":"product_shipping_class-productos-1-5kg-328","19":"desktop-align-left","20":"tablet-align-left","21":"mobile-align-center","23":"first","24":"instock","25":"taxable","26":"shipping-taxable","27":"purchasable","28":"product-type-simple"},"_links":{"self":[{"href":"https:\/\/vaincatx.com\/en\/wp-json\/wp\/v2\/product\/6816","targetHints":{"allow":["GET"]}}],"collection":[{"href":"https:\/\/vaincatx.com\/en\/wp-json\/wp\/v2\/product"}],"about":[{"href":"https:\/\/vaincatx.com\/en\/wp-json\/wp\/v2\/types\/product"}],"replies":[{"embeddable":true,"href":"https:\/\/vaincatx.com\/en\/wp-json\/wp\/v2\/comments?post=6816"}],"version-history":[{"count":1,"href":"https:\/\/vaincatx.com\/en\/wp-json\/wp\/v2\/product\/6816\/revisions"}],"predecessor-version":[{"id":6855,"href":"https:\/\/vaincatx.com\/en\/wp-json\/wp\/v2\/product\/6816\/revisions\/6855"}],"wp:featuredmedia":[{"embeddable":true,"href":"https:\/\/vaincatx.com\/en\/wp-json\/wp\/v2\/media\/6853"}],"wp:attachment":[{"href":"https:\/\/vaincatx.com\/en\/wp-json\/wp\/v2\/media?parent=6816"}],"wp:term":[{"taxonomy":"product_brand","embeddable":true,"href":"https:\/\/vaincatx.com\/en\/wp-json\/wp\/v2\/product_brand?post=6816"},{"taxonomy":"product_cat","embeddable":true,"href":"https:\/\/vaincatx.com\/en\/wp-json\/wp\/v2\/product_cat?post=6816"},{"taxonomy":"product_tag","embeddable":true,"href":"https:\/\/vaincatx.com\/en\/wp-json\/wp\/v2\/product_tag?post=6816"}],"curies":[{"name":"wp","href":"https:\/\/api.w.org\/{rel}","templated":true}]}}