{"id":6818,"date":"2023-08-27T00:09:33","date_gmt":"2023-08-27T00:09:33","guid":{"rendered":"https:\/\/vaincatx.com\/?post_type=product&#038;p=6818"},"modified":"2025-08-24T18:12:53","modified_gmt":"2025-08-25T00:12:53","slug":"pistola-crosman-c1911-silver-pellets-177-4-5mm-2","status":"publish","type":"product","link":"https:\/\/vaincatx.com\/en\/product\/pistola-crosman-c1911-silver-pellets-177-4-5mm-2\/","title":{"rendered":"Pistola Crosman C1911 Silver Pellets .177 (4.5mm)"},"content":{"rendered":"<p>La pistola de 1911 ha sido una de las plataformas de tiro m\u00e1s preciadas.\u00a0Crosman elabor\u00f3 \u200b\u200bsu nuevo 1911 como un lanzador de perdigones de fuego r\u00e1pido: la pistola de perdigones de CO2 de 1911 en plata cl\u00e1sica. Con un solo CO2 de 12 gramos y su cargador giratorio de doble cabezal, los tiradores pueden disparar dos clips giratorios de 6 disparos que pueden disparar no solo perdigones sino tambi\u00e9n municiones a velocidades de hasta 350 fps a trav\u00e9s de su ca\u00f1\u00f3n estriado. Para usar el cargador, retire el clip giratorio doble, cargue sus balines, cargue su CO2 y vuelva a insertar el clip en el cargador. Dispare su 6rd mag, expulse el cartucho, gire el soporte del clip 180 grados y dispare las \u00faltimas 6 rondas.<\/p>\n<p>El cuerpo de cada pistola Crosman 1911 viene cargado con caracter\u00edsticas que los plinkers de 1911 adoran, como un cuerpo completamente de metal y empu\u00f1aduras de madera sint\u00e9tica finamente cuadriculadas. Aunque la diapositiva no incluye una funci\u00f3n de retroceso.<\/p>","protected":false},"excerpt":{"rendered":"<p>Calibre .177 &#8220;(4,5 mm)<br \/>\nVelocidad 450 fps<br \/>\nVolumen 3-Medio<br \/>\nLongitud 8.0 &#8221;<br \/>\nCapacidad 12<br \/>\nBarril estriado<br \/>\nHoja de miras delanteras<br \/>\nMiras traseras fijas<\/p>\n<p>Desencadenar monoetapa<br \/>\nButtplate Ninguno<br \/>\nUso recomendado Plinking \/ Fun<br \/>\nAcci\u00f3n semiautom\u00e1tica<br \/>\nManual de Seguridad<br \/>\nPlanta de energ\u00eda CO2<br \/>\nRepetidor de disparo \u00fanico o repetidor<br \/>\nTipo de cuerpo Pistola<br \/>\nPeso 1,9 libras<\/p>","protected":false},"featured_media":6859,"comment_status":"open","ping_status":"closed","template":"","meta":{"site-sidebar-layout":"","site-content-layout":"","ast-site-content-layout":"","site-content-style":"","site-sidebar-style":"","ast-global-header-display":"","ast-banner-title-visibility":"","ast-main-header-display":"","ast-hfb-above-header-display":"","ast-hfb-below-header-display":"","ast-hfb-mobile-header-display":"","site-post-title":"","ast-breadcrumbs-content":"","ast-featured-img":"","footer-sml-layout":"","theme-transparent-header-meta":"","adv-header-id-meta":"","stick-header-meta":"","header-above-stick-meta":"","header-main-stick-meta":"","header-below-stick-meta":"","astra-migrate-meta-layouts":"","ast-page-background-enabled":"default","ast-page-background-meta":{"desktop":{"background-color":"","background-image":"","background-repeat":"repeat","background-position":"center center","background-size":"auto","background-attachment":"scroll","background-type":"","background-media":"","overlay-type":"","overlay-color":"","overlay-opacity":"","overlay-gradient":""},"tablet":{"background-color":"","background-image":"","background-repeat":"repeat","background-position":"center center","background-size":"auto","background-attachment":"scroll","background-type":"","background-media":"","overlay-type":"","overlay-color":"","overlay-opacity":"","overlay-gradient":""},"mobile":{"background-color":"","background-image":"","background-repeat":"repeat","background-position":"center center","background-size":"auto","background-attachment":"scroll","background-type":"","background-media":"","overlay-type":"","overlay-color":"","overlay-opacity":"","overlay-gradient":""}},"ast-content-background-meta":{"desktop":{"background-color":"var(--ast-global-color-5)","background-image":"","background-repeat":"repeat","background-position":"center center","background-size":"auto","background-attachment":"scroll","background-type":"","background-media":"","overlay-type":"","overlay-color":"","overlay-opacity":"","overlay-gradient":""},"tablet":{"background-color":"var(--ast-global-color-5)","background-image":"","background-repeat":"repeat","background-position":"center center","background-size":"auto","background-attachment":"scroll","background-type":"","background-media":"","overlay-type":"","overlay-color":"","overlay-opacity":"","overlay-gradient":""},"mobile":{"background-color":"var(--ast-global-color-5)","background-image":"","background-repeat":"repeat","background-position":"center center","background-size":"auto","background-attachment":"scroll","background-type":"","background-media":"","overlay-type":"","overlay-color":"","overlay-opacity":"","overlay-gradient":""}}},"product_brand":[],"product_cat":[544,325,210],"product_tag":[285,421,353,80,436,333],"class_list":{"0":"post-6818","1":"product","2":"type-product","3":"status-publish","4":"has-post-thumbnail","6":"product_cat-pistolas-crosman","7":"product_cat-pistolas-deportivas","8":"product_cat-tiro-deportivo","9":"product_tag-285","10":"product_tag-421","11":"product_tag-crosman","12":"product_tag-pistola","13":"product_tag-silver","14":"product_tag-tiro-deportivo","15":"product_shipping_class-productos-6-8kg-379","16":"desktop-align-left","17":"tablet-align-left","18":"mobile-align-center","20":"first","21":"outofstock","22":"taxable","23":"shipping-taxable","24":"purchasable","25":"product-type-simple"},"_links":{"self":[{"href":"https:\/\/vaincatx.com\/en\/wp-json\/wp\/v2\/product\/6818","targetHints":{"allow":["GET"]}}],"collection":[{"href":"https:\/\/vaincatx.com\/en\/wp-json\/wp\/v2\/product"}],"about":[{"href":"https:\/\/vaincatx.com\/en\/wp-json\/wp\/v2\/types\/product"}],"replies":[{"embeddable":true,"href":"https:\/\/vaincatx.com\/en\/wp-json\/wp\/v2\/comments?post=6818"}],"version-history":[{"count":1,"href":"https:\/\/vaincatx.com\/en\/wp-json\/wp\/v2\/product\/6818\/revisions"}],"predecessor-version":[{"id":6861,"href":"https:\/\/vaincatx.com\/en\/wp-json\/wp\/v2\/product\/6818\/revisions\/6861"}],"wp:featuredmedia":[{"embeddable":true,"href":"https:\/\/vaincatx.com\/en\/wp-json\/wp\/v2\/media\/6859"}],"wp:attachment":[{"href":"https:\/\/vaincatx.com\/en\/wp-json\/wp\/v2\/media?parent=6818"}],"wp:term":[{"taxonomy":"product_brand","embeddable":true,"href":"https:\/\/vaincatx.com\/en\/wp-json\/wp\/v2\/product_brand?post=6818"},{"taxonomy":"product_cat","embeddable":true,"href":"https:\/\/vaincatx.com\/en\/wp-json\/wp\/v2\/product_cat?post=6818"},{"taxonomy":"product_tag","embeddable":true,"href":"https:\/\/vaincatx.com\/en\/wp-json\/wp\/v2\/product_tag?post=6818"}],"curies":[{"name":"wp","href":"https:\/\/api.w.org\/{rel}","templated":true}]}}